{"id":5501,"date":"2024-05-15T11:22:19","date_gmt":"2024-05-15T09:22:19","guid":{"rendered":"https:\/\/laubergeriepaysbasque.com\/?page_id=5501"},"modified":"2024-05-20T12:44:16","modified_gmt":"2024-05-20T10:44:16","slug":"contact","status":"publish","type":"page","link":"https:\/\/laubergeriepaysbasque.com\/index.php\/contact\/","title":{"rendered":"Contact"},"content":{"rendered":"\t\t<div data-elementor-type=\"wp-page\" data-elementor-id=\"5501\" class=\"elementor elementor-5501\">\n\t\t\t\t<div class=\"elementor-element elementor-element-bc7a6dd e-flex e-con-boxed e-con e-parent\" data-id=\"bc7a6dd\" data-element_type=\"container\">\n\t\t\t\t\t<div class=\"e-con-inner\">\n\t\t<div class=\"elementor-element elementor-element-cf2c859 e-con-full e-flex e-con e-child\" data-id=\"cf2c859\" data-element_type=\"container\">\n\t\t\t\t<div class=\"elementor-element elementor-element-6153639 elementor-widget elementor-widget-tp-heading\" data-id=\"6153639\" data-element_type=\"widget\" data-widget_type=\"tp-heading.default\">\n\t\t\t\t<div class=\"elementor-widget-container\">\n\t\t\t\r\n\r\n<div class=\"tp-contact-box\">\r\n\r\n\t\t\r\n\t\t<h2 class=\"tp-section-title pb-10\">Ecrivez nous<\/h2>\r\n\t\t<\/div>\r\n\r\n\r\n\r\n<!--Style 25-->\r\n\t\t<\/div>\n\t\t\t\t<\/div>\n\t\t\t\t<div class=\"elementor-element elementor-element-5518c69 elementor-widget elementor-widget-tp-contact-form\" data-id=\"5518c69\" data-element_type=\"widget\" data-widget_type=\"tp-contact-form.default\">\n\t\t\t\t<div class=\"elementor-widget-container\">\n\t\t\t\r\n<!-- form area start -->\r\n<div class=\"contact-form ele-section  \">\r\n\r\n    \r\n            \n<div class=\"wpcf7 no-js\" id=\"wpcf7-f2215-o1\" lang=\"en-US\" dir=\"ltr\">\n<div class=\"screen-reader-response\"><p role=\"status\" aria-live=\"polite\" aria-atomic=\"true\"><\/p> <ul><\/ul><\/div>\n<form action=\"\/index.php\/wp-json\/wp\/v2\/pages\/5501#wpcf7-f2215-o1\" method=\"post\" class=\"wpcf7-form init\" aria-label=\"Contact form\" novalidate=\"novalidate\" data-status=\"init\">\n<div style=\"display: none;\">\n<input type=\"hidden\" name=\"_wpcf7\" value=\"2215\" \/>\n<input type=\"hidden\" name=\"_wpcf7_version\" value=\"5.9.4\" \/>\n<input type=\"hidden\" name=\"_wpcf7_locale\" value=\"en_US\" \/>\n<input type=\"hidden\" name=\"_wpcf7_unit_tag\" value=\"wpcf7-f2215-o1\" \/>\n<input type=\"hidden\" name=\"_wpcf7_container_post\" value=\"0\" \/>\n<input type=\"hidden\" name=\"_wpcf7_posted_data_hash\" value=\"\" \/>\n<\/div>\n<div class=\"tp-form-box\">\n      <div class=\"row\">\n         <div class=\"col-xl-6 col-lg-6 mb-30\">\n            <div class=\"tp-form-input-box\">\n               <span class=\"wpcf7-form-control-wrap\" data-name=\"first-name-33\"><input size=\"40\" class=\"wpcf7-form-control wpcf7-text\" aria-invalid=\"false\" placeholder=\"Pr\u00e9nom\" value=\"\" type=\"text\" name=\"first-name-33\" \/><\/span>\n            <\/div>\n         <\/div>\n         <div class=\"col-xl-6 col-lg-6 mb-30\">\n            <div class=\"tp-form-input-box\">\n               <span class=\"wpcf7-form-control-wrap\" data-name=\"last-nem-5\"><input size=\"40\" class=\"wpcf7-form-control wpcf7-text\" aria-invalid=\"false\" placeholder=\"Nom\" value=\"\" type=\"text\" name=\"last-nem-5\" \/><\/span>\n            <\/div>\n         <\/div>\n         <div class=\"col-xl-6 col-lg-6 mb-30\">\n            <div class=\"tp-form-input-box\">\n               <span class=\"wpcf7-form-control-wrap\" data-name=\"email-441\"><input size=\"40\" class=\"wpcf7-form-control wpcf7-email wpcf7-text wpcf7-validates-as-email\" aria-invalid=\"false\" placeholder=\"mail\" value=\"\" type=\"email\" name=\"email-441\" \/><\/span>\n            <\/div>\n         <\/div>\n         <div class=\"col-xl-6 col-lg-6 mb-30\">\n            <div class=\"tp-form-input-box\">\n               <span class=\"wpcf7-form-control-wrap\" data-name=\"address-3\"><input size=\"40\" class=\"wpcf7-form-control wpcf7-text\" aria-invalid=\"false\" placeholder=\"Adresse\" value=\"\" type=\"text\" name=\"address-3\" \/><\/span>\n            <\/div>\n         <\/div>\n         <div class=\"col-xl-6 col-lg-6 mb-30\">\n            <div class=\"tp-form-input-box\">\n               <span class=\"wpcf7-form-control-wrap\" data-name=\"your-phone-33\"><input size=\"40\" class=\"wpcf7-form-control wpcf7-text\" aria-invalid=\"false\" placeholder=\"T\u00e9l\u00e9phone\" value=\"\" type=\"text\" name=\"your-phone-33\" \/><\/span>\n            <\/div>\n         <\/div>\n         \n       \n         <div class=\"col-xl-12 col-lg-12 mb-60\">\n            <div class=\"tp-form-textarea-box\">\n               <span class=\"wpcf7-form-control-wrap\" data-name=\"textarea-25\"><textarea cols=\"40\" rows=\"10\" class=\"wpcf7-form-control wpcf7-textarea\" aria-invalid=\"false\" placeholder=\"Message\" name=\"textarea-25\"><\/textarea><\/span>\n            <\/div>\n         <\/div>\n      <\/div>\n<button class=\"tp-btn-theme theme-lg\" type=\"submit\"><span>Envoyer<\/span><\/button>\n<\/div><div class=\"wpcf7-response-output\" aria-hidden=\"true\"><\/div>\n<\/form>\n<\/div>\n\r\n    \r\n<\/div>\r\n<!--form end-->\r\n\r\n\r\n\t\t<\/div>\n\t\t\t\t<\/div>\n\t\t\t\t<\/div>\n\t\t<div class=\"elementor-element elementor-element-b6d7938 e-con-full e-flex e-con e-child\" data-id=\"b6d7938\" data-element_type=\"container\">\n\t\t\t\t<div class=\"elementor-element elementor-element-0a0dfaa elementor-widget elementor-widget-tp-heading\" data-id=\"0a0dfaa\" data-element_type=\"widget\" data-widget_type=\"tp-heading.default\">\n\t\t\t\t<div class=\"elementor-widget-container\">\n\t\t\t\r\n\r\n<div class=\"tp-contact-box\">\r\n\r\n\t\t\r\n\t\t<h2 class=\"tp-section-title pb-10\">Contact<\/h2>\r\n\t\t<\/div>\r\n\r\n\r\n\r\n<!--Style 25-->\r\n\t\t<\/div>\n\t\t\t\t<\/div>\n\t\t\t\t<div class=\"elementor-element elementor-element-7851243 elementor-widget elementor-widget-tp-office-address\" data-id=\"7851243\" data-element_type=\"widget\" data-widget_type=\"tp-office-address.default\">\n\t\t\t\t<div class=\"elementor-widget-container\">\n\t\t\t\r\n\r\n<div class=\"tp-contact-box\">\r\n    <ul>\r\n        \r\n        \r\n            \r\n        <li>\r\n            <div class=\"tp-contact-item d-flex align-items-center\">\r\n                <div class=\"tp-contact-icon-2\">\r\n                                                            <span> <svg width=\"20\" height=\"15\" viewBox=\"0 0 20 15\" fill=\"none\" xmlns=\"http:\/\/www.w3.org\/2000\/svg\">\n                                                <path d=\"M18.125 0C19.1406 0 20 0.859375 20 1.875C20 2.5 19.6875 3.04688 19.2188 3.39844L10.7422 9.76562C10.2734 10.1172 9.6875 10.1172 9.21875 9.76562L0.742188 3.39844C0.273438 3.04688 0 2.5 0 1.875C0 0.859375 0.820312 0 1.875 0H18.125ZM8.47656 10.7812C9.375 11.4453 10.5859 11.4453 11.4844 10.7812L20 4.375V12.5C20 13.9062 18.8672 15 17.5 15H2.5C1.09375 15 0 13.9062 0 12.5V4.375L8.47656 10.7812Z\" fill=\"currentcolor\"\/>\n                                             <\/svg><\/span>\r\n                                                        <\/div>\r\n\r\n                <div class=\"tp-contact-content\">\r\n                                            <h6>Email <\/h6>\r\n                    \r\n                                            <a href=\"mailto:contact@laubergeriepaysbasque.com\">contact@laubergeriepaysbasque.com<\/a>\r\n                                    <\/div>\r\n            <\/div>\r\n        <\/li>\r\n\r\n            \r\n        <li>\r\n            <div class=\"tp-contact-item d-flex align-items-center\">\r\n                <div class=\"tp-contact-icon-2\">\r\n                                                            <span><svg width=\"21\" height=\"21\" viewBox=\"0 0 21 21\" fill=\"none\" xmlns=\"http:\/\/www.w3.org\/2000\/svg\">\n                                                <path d=\"M19.9609 15.6172L19.0234 19.5625C18.9062 20.1484 18.4375 20.5391 17.8516 20.5391C8.00781 20.5 0 12.4922 0 2.64844C0 2.0625 0.351562 1.59375 0.9375 1.47656L4.88281 0.539062C5.42969 0.421875 6.01562 0.734375 6.25 1.24219L8.08594 5.5C8.28125 6.00781 8.16406 6.59375 7.73438 6.90625L5.625 8.625C6.95312 11.3203 9.14062 13.5078 11.875 14.8359L13.5938 12.7266C13.9062 12.3359 14.4922 12.1797 15 12.375L19.2578 14.2109C19.7656 14.4844 20.0781 15.0703 19.9609 15.6172Z\" fill=\"currentcolor\"\/>\n                                             <\/svg><\/span>\r\n                                                        <\/div>\r\n\r\n                <div class=\"tp-contact-content\">\r\n                                            <h6>T\u00e9l\u00e9phone<\/h6>\r\n                    \r\n                                            <a href=\"tel:06.60.82.44.78\">06.60.82.44.78<\/a>\r\n                                    <\/div>\r\n            <\/div>\r\n        <\/li>\r\n\r\n                   \r\n        \r\n    <\/ul>\r\n<\/div>\r\n\r\n\t\t<\/div>\n\t\t\t\t<\/div>\n\t\t\t\t<\/div>\n\t\t\t\t\t<\/div>\n\t\t\t\t<\/div>\n\t\t<div class=\"elementor-element elementor-element-6208f32 e-flex e-con-boxed e-con e-parent\" data-id=\"6208f32\" data-element_type=\"container\">\n\t\t\t\t\t<div class=\"e-con-inner\">\n\t\t<div class=\"elementor-element elementor-element-0b4a792 e-con-full e-flex e-con e-child\" data-id=\"0b4a792\" data-element_type=\"container\">\n\t\t\t\t<div class=\"elementor-element elementor-element-e60a109 elementor-widget elementor-widget-tp-heading\" data-id=\"e60a109\" data-element_type=\"widget\" data-widget_type=\"tp-heading.default\">\n\t\t\t\t<div class=\"elementor-widget-container\">\n\t\t\t\r\n\r\n<div class=\"tp-team-details-wrap\">                    \r\n\t\t\t<div class=\"tp-team-author-info pb-25\">\r\n\r\n\t\t\t\t<h2 class=\"tp-team-details-title mb-5\">Comment r\u00e9server?<\/h2>\r\n\t\t\t\r\n\t\t\t<\/div>\r\n\r\n\t\t\t\t\t<div class=\"tp-team-details-text\">\r\n\t\t\t\t<p>Tr\u00e8s simplement par t\u00e9l\u00e9phone au 06.60.82.44.78,  notre \u00e9change aura vocation \u00e0 red\u00e9finir selon la dur\u00e9e de votre s\u00e9jour, les attentes de chacun, et vos centres d'int\u00e9r\u00eat communs, la formule adapt\u00e9e, et vous garantir un s\u00e9jour sur mesure...!<\/p>\r\n\t\t\t<\/div>\r\n\t\t\t\t\t\r\n<\/div>\r\n\r\n\r\n<!--Style 23-->\r\n\t\t<\/div>\n\t\t\t\t<\/div>\n\t\t\t\t<div class=\"elementor-element elementor-element-a03ffb7 elementor-widget elementor-widget-tp-list\" data-id=\"a03ffb7\" data-element_type=\"widget\" data-widget_type=\"tp-list.default\">\n\t\t\t\t<div class=\"elementor-widget-container\">\n\t\t\t\r\n\r\n<div class=\"tp-appointment-list\">\r\n\t\t<ul>\r\n\t\t\t\t\t\t\t<li><i class=\"fa-solid fa-check\"><\/i>Un acc\u00e8s vous sera communiqu\u00e9 \u00e0 la r\u00e9servation pour acc\u00e9der ,par un itin\u00e9raire   bucolique et d\u00e9licieux au site de L'Aubergerie!<\/li>\r\n\t\t\t\t\t\t\t<li><i class=\"fa-solid fa-check\"><\/i>Vos h\u00f4tes restent (avec discr\u00e9tion!) \u00e0 votre disposition tout au long du s\u00e9jour (en compl\u00e9ment des Offices de Tourisme!) pour vous communiquer les incontournables, ainsi que les meilleures adresses de la r\u00e9gion!<\/li>\r\n\t\t\t\t\t\t\t<li><i class=\"fa-solid fa-check\"><\/i>Vous pouvez \u00e9galement demander un combo Montagne\/Front de mer (\u00e0 travers un logement 6 couchages disponible sur la commune de Biarritz sur R\u00e9sa)!<\/li>\r\n\t\t\t\t\t<\/ul>\r\n<\/div>\r\n\r\n\r\n<!--Style 5-->\r\n\t\t<\/div>\n\t\t\t\t<\/div>\n\t\t\t\t<\/div>\n\t\t<div class=\"elementor-element elementor-element-72b9fc3 e-con-full e-flex e-con e-child\" data-id=\"72b9fc3\" data-element_type=\"container\">\n\t\t\t\t<div class=\"elementor-element elementor-element-bcc4241 elementor-widget elementor-widget-image\" data-id=\"bcc4241\" data-element_type=\"widget\" data-widget_type=\"image.default\">\n\t\t\t\t<div class=\"elementor-widget-container\">\n\t\t\t<style>\/*! elementor - v3.21.0 - 08-05-2024 *\/\n.elementor-widget-image{text-align:center}.elementor-widget-image a{display:inline-block}.elementor-widget-image a img[src$=\".svg\"]{width:48px}.elementor-widget-image img{vertical-align:middle;display:inline-block}<\/style>\t\t\t\t\t\t\t\t\t\t<img fetchpriority=\"high\" decoding=\"async\" width=\"630\" height=\"538\" src=\"https:\/\/laubergeriepaysbasque.com\/wp-content\/uploads\/2024\/05\/thumb-1-1.jpg\" class=\"attachment-full size-full wp-image-5512\" alt=\"\" srcset=\"https:\/\/laubergeriepaysbasque.com\/wp-content\/uploads\/2024\/05\/thumb-1-1.jpg 630w, https:\/\/laubergeriepaysbasque.com\/wp-content\/uploads\/2024\/05\/thumb-1-1-300x256.jpg 300w\" sizes=\"(max-width: 630px) 100vw, 630px\" \/>\t\t\t\t\t\t\t\t\t\t\t\t\t<\/div>\n\t\t\t\t<\/div>\n\t\t\t\t<\/div>\n\t\t\t\t\t<\/div>\n\t\t\t\t<\/div>\n\t\t\t\t<\/div>\n\t\t","protected":false},"excerpt":{"rendered":"<p>Ecrivez nous Envoyer Contact Email contact@laubergeriepaysbasque.com T\u00e9l\u00e9phone 06.60.82.44.78 Comment r\u00e9server? Tr\u00e8s simplement par t\u00e9l\u00e9phone au 06.60.82.44.78, notre \u00e9change aura vocation \u00e0 red\u00e9finir selon la dur\u00e9e de votre s\u00e9jour, les attentes de chacun, et vos centres d&rsquo;int\u00e9r\u00eat communs, la formule adapt\u00e9e, et vous garantir un s\u00e9jour sur mesure&#8230;! Un acc\u00e8s vous sera communiqu\u00e9 \u00e0 la r\u00e9servation [&hellip;]<\/p>\n","protected":false},"author":1,"featured_media":0,"parent":0,"menu_order":0,"comment_status":"closed","ping_status":"closed","template":"elementor_header_footer","meta":{"_monsterinsights_skip_tracking":false,"_monsterinsights_sitenote_active":false,"_monsterinsights_sitenote_note":"","_monsterinsights_sitenote_category":0,"footnotes":""},"class_list":["post-5501","page","type-page","status-publish","hentry"],"aioseo_notices":[],"yoast_head":"<!-- This site is optimized with the Yoast SEO plugin v23.1 - https:\/\/yoast.com\/wordpress\/plugins\/seo\/ -->\n<title>Contact - L&#039;Aubergerie - Pays Basque<\/title>\n<meta name=\"robots\" content=\"index, follow, max-snippet:-1, max-image-preview:large, max-video-preview:-1\" \/>\n<link rel=\"canonical\" href=\"https:\/\/laubergeriepaysbasque.com\/index.php\/contact\/\" \/>\n<meta property=\"og:locale\" content=\"fr_FR\" \/>\n<meta property=\"og:type\" content=\"article\" \/>\n<meta property=\"og:title\" content=\"Contact - L&#039;Aubergerie - Pays Basque\" \/>\n<meta property=\"og:description\" content=\"Ecrivez nous Envoyer Contact Email contact@laubergeriepaysbasque.com T\u00e9l\u00e9phone 06.60.82.44.78 Comment r\u00e9server? Tr\u00e8s simplement par t\u00e9l\u00e9phone au 06.60.82.44.78, notre \u00e9change aura vocation \u00e0 red\u00e9finir selon la dur\u00e9e de votre s\u00e9jour, les attentes de chacun, et vos centres d&rsquo;int\u00e9r\u00eat communs, la formule adapt\u00e9e, et vous garantir un s\u00e9jour sur mesure&#8230;! Un acc\u00e8s vous sera communiqu\u00e9 \u00e0 la r\u00e9servation [&hellip;]\" \/>\n<meta property=\"og:url\" content=\"https:\/\/laubergeriepaysbasque.com\/index.php\/contact\/\" \/>\n<meta property=\"og:site_name\" content=\"L&#039;Aubergerie - Pays Basque\" \/>\n<meta property=\"article:modified_time\" content=\"2024-05-20T10:44:16+00:00\" \/>\n<meta property=\"og:image\" content=\"http:\/\/laubergeriepaysbasque.com\/wp-content\/uploads\/2024\/05\/thumb-1-1.jpg\" \/>\n<meta name=\"twitter:card\" content=\"summary_large_image\" \/>\n<meta name=\"twitter:label1\" content=\"Dur\u00e9e de lecture estim\u00e9e\" \/>\n\t<meta name=\"twitter:data1\" content=\"1 minute\" \/>\n<script type=\"application\/ld+json\" class=\"yoast-schema-graph\">{\"@context\":\"https:\/\/schema.org\",\"@graph\":[{\"@type\":\"WebPage\",\"@id\":\"https:\/\/laubergeriepaysbasque.com\/index.php\/contact\/\",\"url\":\"https:\/\/laubergeriepaysbasque.com\/index.php\/contact\/\",\"name\":\"Contact - L&#039;Aubergerie - Pays Basque\",\"isPartOf\":{\"@id\":\"https:\/\/laubergeriepaysbasque.com\/#website\"},\"primaryImageOfPage\":{\"@id\":\"https:\/\/laubergeriepaysbasque.com\/index.php\/contact\/#primaryimage\"},\"image\":{\"@id\":\"https:\/\/laubergeriepaysbasque.com\/index.php\/contact\/#primaryimage\"},\"thumbnailUrl\":\"http:\/\/laubergeriepaysbasque.com\/wp-content\/uploads\/2024\/05\/thumb-1-1.jpg\",\"datePublished\":\"2024-05-15T09:22:19+00:00\",\"dateModified\":\"2024-05-20T10:44:16+00:00\",\"breadcrumb\":{\"@id\":\"https:\/\/laubergeriepaysbasque.com\/index.php\/contact\/#breadcrumb\"},\"inLanguage\":\"fr-FR\",\"potentialAction\":[{\"@type\":\"ReadAction\",\"target\":[\"https:\/\/laubergeriepaysbasque.com\/index.php\/contact\/\"]}]},{\"@type\":\"ImageObject\",\"inLanguage\":\"fr-FR\",\"@id\":\"https:\/\/laubergeriepaysbasque.com\/index.php\/contact\/#primaryimage\",\"url\":\"https:\/\/laubergeriepaysbasque.com\/wp-content\/uploads\/2024\/05\/thumb-1-1.jpg\",\"contentUrl\":\"https:\/\/laubergeriepaysbasque.com\/wp-content\/uploads\/2024\/05\/thumb-1-1.jpg\",\"width\":630,\"height\":538},{\"@type\":\"BreadcrumbList\",\"@id\":\"https:\/\/laubergeriepaysbasque.com\/index.php\/contact\/#breadcrumb\",\"itemListElement\":[{\"@type\":\"ListItem\",\"position\":1,\"name\":\"Accueil\",\"item\":\"https:\/\/laubergeriepaysbasque.com\/\"},{\"@type\":\"ListItem\",\"position\":2,\"name\":\"Contact\"}]},{\"@type\":\"WebSite\",\"@id\":\"https:\/\/laubergeriepaysbasque.com\/#website\",\"url\":\"https:\/\/laubergeriepaysbasque.com\/\",\"name\":\"L&#039;Aubergerie - Pays Basque\",\"description\":\"H\u00e9bergement haut de gamme en basse Navarre\",\"potentialAction\":[{\"@type\":\"SearchAction\",\"target\":{\"@type\":\"EntryPoint\",\"urlTemplate\":\"https:\/\/laubergeriepaysbasque.com\/?s={search_term_string}\"},\"query-input\":\"required name=search_term_string\"}],\"inLanguage\":\"fr-FR\"}]}<\/script>\n<!-- \/ Yoast SEO plugin. -->","yoast_head_json":{"title":"Contact - L&#039;Aubergerie - Pays Basque","robots":{"index":"index","follow":"follow","max-snippet":"max-snippet:-1","max-image-preview":"max-image-preview:large","max-video-preview":"max-video-preview:-1"},"canonical":"https:\/\/laubergeriepaysbasque.com\/index.php\/contact\/","og_locale":"fr_FR","og_type":"article","og_title":"Contact - L&#039;Aubergerie - Pays Basque","og_description":"Ecrivez nous Envoyer Contact Email contact@laubergeriepaysbasque.com T\u00e9l\u00e9phone 06.60.82.44.78 Comment r\u00e9server? Tr\u00e8s simplement par t\u00e9l\u00e9phone au 06.60.82.44.78, notre \u00e9change aura vocation \u00e0 red\u00e9finir selon la dur\u00e9e de votre s\u00e9jour, les attentes de chacun, et vos centres d&rsquo;int\u00e9r\u00eat communs, la formule adapt\u00e9e, et vous garantir un s\u00e9jour sur mesure&#8230;! Un acc\u00e8s vous sera communiqu\u00e9 \u00e0 la r\u00e9servation [&hellip;]","og_url":"https:\/\/laubergeriepaysbasque.com\/index.php\/contact\/","og_site_name":"L&#039;Aubergerie - Pays Basque","article_modified_time":"2024-05-20T10:44:16+00:00","og_image":[{"url":"http:\/\/laubergeriepaysbasque.com\/wp-content\/uploads\/2024\/05\/thumb-1-1.jpg"}],"twitter_card":"summary_large_image","twitter_misc":{"Dur\u00e9e de lecture estim\u00e9e":"1 minute"},"schema":{"@context":"https:\/\/schema.org","@graph":[{"@type":"WebPage","@id":"https:\/\/laubergeriepaysbasque.com\/index.php\/contact\/","url":"https:\/\/laubergeriepaysbasque.com\/index.php\/contact\/","name":"Contact - L&#039;Aubergerie - Pays Basque","isPartOf":{"@id":"https:\/\/laubergeriepaysbasque.com\/#website"},"primaryImageOfPage":{"@id":"https:\/\/laubergeriepaysbasque.com\/index.php\/contact\/#primaryimage"},"image":{"@id":"https:\/\/laubergeriepaysbasque.com\/index.php\/contact\/#primaryimage"},"thumbnailUrl":"http:\/\/laubergeriepaysbasque.com\/wp-content\/uploads\/2024\/05\/thumb-1-1.jpg","datePublished":"2024-05-15T09:22:19+00:00","dateModified":"2024-05-20T10:44:16+00:00","breadcrumb":{"@id":"https:\/\/laubergeriepaysbasque.com\/index.php\/contact\/#breadcrumb"},"inLanguage":"fr-FR","potentialAction":[{"@type":"ReadAction","target":["https:\/\/laubergeriepaysbasque.com\/index.php\/contact\/"]}]},{"@type":"ImageObject","inLanguage":"fr-FR","@id":"https:\/\/laubergeriepaysbasque.com\/index.php\/contact\/#primaryimage","url":"https:\/\/laubergeriepaysbasque.com\/wp-content\/uploads\/2024\/05\/thumb-1-1.jpg","contentUrl":"https:\/\/laubergeriepaysbasque.com\/wp-content\/uploads\/2024\/05\/thumb-1-1.jpg","width":630,"height":538},{"@type":"BreadcrumbList","@id":"https:\/\/laubergeriepaysbasque.com\/index.php\/contact\/#breadcrumb","itemListElement":[{"@type":"ListItem","position":1,"name":"Accueil","item":"https:\/\/laubergeriepaysbasque.com\/"},{"@type":"ListItem","position":2,"name":"Contact"}]},{"@type":"WebSite","@id":"https:\/\/laubergeriepaysbasque.com\/#website","url":"https:\/\/laubergeriepaysbasque.com\/","name":"L&#039;Aubergerie - Pays Basque","description":"H\u00e9bergement haut de gamme en basse Navarre","potentialAction":[{"@type":"SearchAction","target":{"@type":"EntryPoint","urlTemplate":"https:\/\/laubergeriepaysbasque.com\/?s={search_term_string}"},"query-input":"required name=search_term_string"}],"inLanguage":"fr-FR"}]}},"_links":{"self":[{"href":"https:\/\/laubergeriepaysbasque.com\/index.php\/wp-json\/wp\/v2\/pages\/5501","targetHints":{"allow":["GET"]}}],"collection":[{"href":"https:\/\/laubergeriepaysbasque.com\/index.php\/wp-json\/wp\/v2\/pages"}],"about":[{"href":"https:\/\/laubergeriepaysbasque.com\/index.php\/wp-json\/wp\/v2\/types\/page"}],"author":[{"embeddable":true,"href":"https:\/\/laubergeriepaysbasque.com\/index.php\/wp-json\/wp\/v2\/users\/1"}],"replies":[{"embeddable":true,"href":"https:\/\/laubergeriepaysbasque.com\/index.php\/wp-json\/wp\/v2\/comments?post=5501"}],"version-history":[{"count":13,"href":"https:\/\/laubergeriepaysbasque.com\/index.php\/wp-json\/wp\/v2\/pages\/5501\/revisions"}],"predecessor-version":[{"id":5628,"href":"https:\/\/laubergeriepaysbasque.com\/index.php\/wp-json\/wp\/v2\/pages\/5501\/revisions\/5628"}],"wp:attachment":[{"href":"https:\/\/laubergeriepaysbasque.com\/index.php\/wp-json\/wp\/v2\/media?parent=5501"}],"curies":[{"name":"wp","href":"https:\/\/api.w.org\/{rel}","templated":true}]}}